{"id":173,"date":"2024-05-07T11:28:18","date_gmt":"2024-05-07T11:28:18","guid":{"rendered":"http:\/\/baamtu.com?page_id=173"},"modified":"2024-08-26T10:35:42","modified_gmt":"2024-08-26T10:35:42","slug":"confidentialite","status":"publish","type":"page","link":"https:\/\/baamtu.com\/en\/confidentialite\/","title":{"rendered":"Confidentialit\u00e9"},"content":{"rendered":"<div data-elementor-type=\"wp-page\" data-elementor-id=\"173\" class=\"elementor elementor-173\">\n\t\t\t\t<div class=\"elementor-element elementor-element-6ed5de90 e-flex e-con-boxed e-con e-parent\" data-id=\"6ed5de90\" data-element_type=\"container\" data-settings=\"{&quot;background_background&quot;:&quot;gradient&quot;}\">\n\t\t\t\t\t<div class=\"e-con-inner\">\n\t\t<div class=\"elementor-element elementor-element-6c67c97a e-con-full e-flex e-con e-child\" data-id=\"6c67c97a\" data-element_type=\"container\">\n\t\t\t\t<div class=\"elementor-element elementor-element-13ac90b4 elementor-widget elementor-widget-heading\" data-id=\"13ac90b4\" data-element_type=\"widget\" data-widget_type=\"heading.default\">\n\t\t\t\t<div class=\"elementor-widget-container\">\n\t\t\t\t\t<h2 class=\"elementor-heading-title elementor-size-default\">Nom du site web :<\/h2>\t\t\t\t<\/div>\n\t\t\t\t<\/div>\n\t\t\t\t<div class=\"elementor-element elementor-element-efaa7d5 elementor-widget elementor-widget-heading\" data-id=\"efaa7d5\" data-element_type=\"widget\" data-widget_type=\"heading.default\">\n\t\t\t\t<div class=\"elementor-widget-container\">\n\t\t\t\t\t<p class=\"elementor-heading-title elementor-size-default\">Site officiel de BAAMTU<\/p>\t\t\t\t<\/div>\n\t\t\t\t<\/div>\n\t\t<div class=\"elementor-element elementor-element-c901898 e-con-full e-flex e-con e-child\" data-id=\"c901898\" data-element_type=\"container\">\n\t\t\t\t<div class=\"elementor-element elementor-element-c8479ac elementor-widget elementor-widget-heading\" data-id=\"c8479ac\" data-element_type=\"widget\" data-widget_type=\"heading.default\">\n\t\t\t\t<div class=\"elementor-widget-container\">\n\t\t\t\t\t<h2 class=\"elementor-heading-title elementor-size-default\">Propri\u00e9taire :<\/h2>\t\t\t\t<\/div>\n\t\t\t\t<\/div>\n\t\t\t\t<div class=\"elementor-element elementor-element-fda9d7f elementor-widget elementor-widget-heading\" data-id=\"fda9d7f\" data-element_type=\"widget\" data-widget_type=\"heading.default\">\n\t\t\t\t<div class=\"elementor-widget-container\">\n\t\t\t\t\t<p class=\"elementor-heading-title elementor-size-default\">BAAMTU TECHNOLOGIES<\/p>\t\t\t\t<\/div>\n\t\t\t\t<\/div>\n\t\t\t\t<\/div>\n\t\t<div class=\"elementor-element elementor-element-bad11d3 e-con-full e-flex e-con e-child\" data-id=\"bad11d3\" data-element_type=\"container\">\n\t\t\t\t<div class=\"elementor-element elementor-element-677abd9 elementor-widget elementor-widget-heading\" data-id=\"677abd9\" data-element_type=\"widget\" data-widget_type=\"heading.default\">\n\t\t\t\t<div class=\"elementor-widget-container\">\n\t\t\t\t\t<h2 class=\"elementor-heading-title elementor-size-default\">Gestionnaire du site<\/h2>\t\t\t\t<\/div>\n\t\t\t\t<\/div>\n\t\t\t\t<div class=\"elementor-element elementor-element-d5d88c1 elementor-widget elementor-widget-heading\" data-id=\"d5d88c1\" data-element_type=\"widget\" data-widget_type=\"heading.default\">\n\t\t\t\t<div class=\"elementor-widget-container\">\n\t\t\t\t\t<p class=\"elementor-heading-title elementor-size-default\">Responsabilit\u00e9 : D\u00e9partement Ventes &amp; Marketing<br>Contact : contact@baamtu.com<\/p>\t\t\t\t<\/div>\n\t\t\t\t<\/div>\n\t\t\t\t<\/div>\n\t\t<div class=\"elementor-element elementor-element-97bd79a e-con-full e-flex e-con e-child\" data-id=\"97bd79a\" data-element_type=\"container\">\n\t\t\t\t<div class=\"elementor-element elementor-element-307a7c6 elementor-widget elementor-widget-heading\" data-id=\"307a7c6\" data-element_type=\"widget\" data-widget_type=\"heading.default\">\n\t\t\t\t<div class=\"elementor-widget-container\">\n\t\t\t\t\t<h2 class=\"elementor-heading-title elementor-size-default\">Protection des donn\u00e9es personnelles<\/h2>\t\t\t\t<\/div>\n\t\t\t\t<\/div>\n\t\t\t\t<div class=\"elementor-element elementor-element-48c7c1d elementor-widget elementor-widget-heading\" data-id=\"48c7c1d\" data-element_type=\"widget\" data-widget_type=\"heading.default\">\n\t\t\t\t<div class=\"elementor-widget-container\">\n\t\t\t\t\t<p class=\"elementor-heading-title elementor-size-default\">Le site https:\/\/baamtu.com utilise Google Analytics et Google Search Console, des services d'analyse web fournis par Google Inc. Ces services utilisent des cookies pour aider le site web \u00e0 analyser l'utilisation du site par ses utilisateurs.<br><br>\n\nLes donn\u00e9es collect\u00e9es par Google Analytics et Google Search Console sont anonymis\u00e9es et ne permettent pas d'identifier directement les utilisateurs. Elles comprennent, par exemple, des informations sur le type de navigateur utilis\u00e9, la langue pr\u00e9f\u00e9r\u00e9e, le temps pass\u00e9 sur le site, les pages consult\u00e9es, et l'origine g\u00e9ographique approximative de l'utilisateur.\n\n<br><br>\n\nCes informations nous permettent de mieux comprendre comment les visiteurs interagissent avec notre site et d'am\u00e9liorer l'exp\u00e9rience utilisateur. Les donn\u00e9es collect\u00e9es sont transmises et stock\u00e9es par Google sur des serveurs situ\u00e9s aux \u00c9tats-Unis. Google peut \u00e9galement transf\u00e9rer ces informations \u00e0 des tiers lorsque la loi l'exige, ou lorsque ces tiers traitent ces informations pour le compte de Google.\n<br><br>\n\n\nVous pouvez d\u00e9sactiver l'utilisation des cookies en s\u00e9lectionnant les param\u00e8tres appropri\u00e9s de votre navigateur.<\/p>\t\t\t\t<\/div>\n\t\t\t\t<\/div>\n\t\t\t\t<\/div>\n\t\t\t\t<\/div>\n\t\t\t\t\t<\/div>\n\t\t\t\t<\/div>\n\t\t\t\t<\/div>","protected":false},"excerpt":{"rendered":"<p>Nom du site web : Site officiel de BAAMTU Propri\u00e9taire : BAAMTU TECHNOLOGIES Gestionnaire du site Responsabilit\u00e9 : D\u00e9partement Ventes [&hellip;]<\/p>","protected":false},"author":1,"featured_media":0,"parent":0,"menu_order":0,"comment_status":"closed","ping_status":"closed","template":"","meta":{"_monsterinsights_skip_tracking":false,"_monsterinsights_sitenote_active":false,"_monsterinsights_sitenote_note":"","_monsterinsights_sitenote_category":0,"site-sidebar-layout":"no-sidebar","site-content-layout":"","ast-site-content-layout":"full-width-container","site-content-style":"default","site-sidebar-style":"default","ast-global-header-display":"","ast-banner-title-visibility":"","ast-main-header-display":"","ast-hfb-above-header-display":"","ast-hfb-below-header-display":"","ast-hfb-mobile-header-display":"","site-post-title":"disabled","ast-breadcrumbs-content":"","ast-featured-img":"disabled","footer-sml-layout":"","theme-transparent-header-meta":"","adv-header-id-meta":"","stick-header-meta":"","header-above-stick-meta":"","header-main-stick-meta":"","header-below-stick-meta":"","astra-migrate-meta-layouts":"default","ast-page-background-enabled":"default","ast-page-background-meta":{"desktop":{"background-color":"var(--ast-global-color-4)","background-image":"","background-repeat":"repeat","background-position":"center center","background-size":"auto","background-attachment":"scroll","background-type":"","background-media":"","overlay-type":"","overlay-color":"","overlay-opacity":"","overlay-gradient":""},"tablet":{"background-color":"","background-image":"","background-repeat":"repeat","background-position":"center center","background-size":"auto","background-attachment":"scroll","background-type":"","background-media":"","overlay-type":"","overlay-color":"","overlay-opacity":"","overlay-gradient":""},"mobile":{"background-color":"","background-image":"","background-repeat":"repeat","background-position":"center center","background-size":"auto","background-attachment":"scroll","background-type":"","background-media":"","overlay-type":"","overlay-color":"","overlay-opacity":"","overlay-gradient":""}},"ast-content-background-meta":{"desktop":{"background-color":"var(--ast-global-color-5)","background-image":"","background-repeat":"repeat","background-position":"center center","background-size":"auto","background-attachment":"scroll","background-type":"","background-media":"","overlay-type":"","overlay-color":"","overlay-opacity":"","overlay-gradient":""},"tablet":{"background-color":"var(--ast-global-color-5)","background-image":"","background-repeat":"repeat","background-position":"center center","background-size":"auto","background-attachment":"scroll","background-type":"","background-media":"","overlay-type":"","overlay-color":"","overlay-opacity":"","overlay-gradient":""},"mobile":{"background-color":"var(--ast-global-color-5)","background-image":"","background-repeat":"repeat","background-position":"center center","background-size":"auto","background-attachment":"scroll","background-type":"","background-media":"","overlay-type":"","overlay-color":"","overlay-opacity":"","overlay-gradient":""}},"footnotes":""},"class_list":["post-173","page","type-page","status-publish","hentry"],"yoast_head":"<!-- This site is optimized with the Yoast SEO plugin v24.4 - https:\/\/yoast.com\/wordpress\/plugins\/seo\/ -->\n<title>Confidentialit\u00e9 - Baamtu<\/title>\n<meta name=\"robots\" content=\"index, follow, max-snippet:-1, max-image-preview:large, max-video-preview:-1\" \/>\n<link rel=\"canonical\" href=\"https:\/\/baamtu.com\/en\/confidentialite\/\" \/>\n<meta property=\"og:locale\" content=\"en_US\" \/>\n<meta property=\"og:type\" content=\"article\" \/>\n<meta property=\"og:title\" content=\"Confidentialit\u00e9 - Baamtu\" \/>\n<meta property=\"og:description\" content=\"Nom du site web : Site officiel de BAAMTU Propri\u00e9taire : BAAMTU TECHNOLOGIES Gestionnaire du site Responsabilit\u00e9 : D\u00e9partement Ventes [&hellip;]\" \/>\n<meta property=\"og:url\" content=\"https:\/\/baamtu.com\/en\/confidentialite\/\" \/>\n<meta property=\"og:site_name\" content=\"Baamtu\" \/>\n<meta property=\"article:publisher\" content=\"https:\/\/www.facebook.com\/baamtu\" \/>\n<meta property=\"article:modified_time\" content=\"2024-08-26T10:35:42+00:00\" \/>\n<meta name=\"twitter:card\" content=\"summary_large_image\" \/>\n<meta name=\"twitter:site\" content=\"@baamtusarl\" \/>\n<meta name=\"twitter:label1\" content=\"Est. reading time\" \/>\n\t<meta name=\"twitter:data1\" content=\"1 minute\" \/>\n<script type=\"application\/ld+json\" class=\"yoast-schema-graph\">{\"@context\":\"https:\/\/schema.org\",\"@graph\":[{\"@type\":\"WebPage\",\"@id\":\"https:\/\/baamtu.com\/confidentialite\/\",\"url\":\"https:\/\/baamtu.com\/confidentialite\/\",\"name\":\"Confidentialit\u00e9 - Baamtu\",\"isPartOf\":{\"@id\":\"https:\/\/baamtu.com\/#website\"},\"datePublished\":\"2024-05-07T11:28:18+00:00\",\"dateModified\":\"2024-08-26T10:35:42+00:00\",\"breadcrumb\":{\"@id\":\"https:\/\/baamtu.com\/confidentialite\/#breadcrumb\"},\"inLanguage\":\"en-US\",\"potentialAction\":[{\"@type\":\"ReadAction\",\"target\":[\"https:\/\/baamtu.com\/confidentialite\/\"]}]},{\"@type\":\"BreadcrumbList\",\"@id\":\"https:\/\/baamtu.com\/confidentialite\/#breadcrumb\",\"itemListElement\":[{\"@type\":\"ListItem\",\"position\":1,\"name\":\"Accueil\",\"item\":\"https:\/\/baamtu.com\/\"},{\"@type\":\"ListItem\",\"position\":2,\"name\":\"Confidentialit\u00e9\"}]},{\"@type\":\"WebSite\",\"@id\":\"https:\/\/baamtu.com\/#website\",\"url\":\"https:\/\/baamtu.com\/\",\"name\":\"Baamtu\",\"description\":\"En route vers la maturit\u00e9 num\u00e9rique\",\"publisher\":{\"@id\":\"https:\/\/baamtu.com\/#organization\"},\"potentialAction\":[{\"@type\":\"SearchAction\",\"target\":{\"@type\":\"EntryPoint\",\"urlTemplate\":\"https:\/\/baamtu.com\/?s={search_term_string}\"},\"query-input\":{\"@type\":\"PropertyValueSpecification\",\"valueRequired\":true,\"valueName\":\"search_term_string\"}}],\"inLanguage\":\"en-US\"},{\"@type\":\"Organization\",\"@id\":\"https:\/\/baamtu.com\/#organization\",\"name\":\"Baamtu\",\"url\":\"https:\/\/baamtu.com\/\",\"logo\":{\"@type\":\"ImageObject\",\"inLanguage\":\"en-US\",\"@id\":\"https:\/\/baamtu.com\/#\/schema\/logo\/image\/\",\"url\":\"https:\/\/baamtu.com\/wp-content\/uploads\/2024\/04\/cropped-logo_baamtu.png\",\"contentUrl\":\"https:\/\/baamtu.com\/wp-content\/uploads\/2024\/04\/cropped-logo_baamtu.png\",\"width\":674,\"height\":158,\"caption\":\"Baamtu\"},\"image\":{\"@id\":\"https:\/\/baamtu.com\/#\/schema\/logo\/image\/\"},\"sameAs\":[\"https:\/\/www.facebook.com\/baamtu\",\"https:\/\/x.com\/baamtusarl\",\"https:\/\/www.linkedin.com\/company\/baamtu\"]}]}<\/script>\n<!-- \/ Yoast SEO plugin. -->","yoast_head_json":{"title":"Confidentialit\u00e9 - Baamtu","robots":{"index":"index","follow":"follow","max-snippet":"max-snippet:-1","max-image-preview":"max-image-preview:large","max-video-preview":"max-video-preview:-1"},"canonical":"https:\/\/baamtu.com\/en\/confidentialite\/","og_locale":"en_US","og_type":"article","og_title":"Confidentialit\u00e9 - Baamtu","og_description":"Nom du site web : Site officiel de BAAMTU Propri\u00e9taire : BAAMTU TECHNOLOGIES Gestionnaire du site Responsabilit\u00e9 : D\u00e9partement Ventes [&hellip;]","og_url":"https:\/\/baamtu.com\/en\/confidentialite\/","og_site_name":"Baamtu","article_publisher":"https:\/\/www.facebook.com\/baamtu","article_modified_time":"2024-08-26T10:35:42+00:00","twitter_card":"summary_large_image","twitter_site":"@baamtusarl","twitter_misc":{"Est. reading time":"1 minute"},"schema":{"@context":"https:\/\/schema.org","@graph":[{"@type":"WebPage","@id":"https:\/\/baamtu.com\/confidentialite\/","url":"https:\/\/baamtu.com\/confidentialite\/","name":"Confidentialit\u00e9 - Baamtu","isPartOf":{"@id":"https:\/\/baamtu.com\/#website"},"datePublished":"2024-05-07T11:28:18+00:00","dateModified":"2024-08-26T10:35:42+00:00","breadcrumb":{"@id":"https:\/\/baamtu.com\/confidentialite\/#breadcrumb"},"inLanguage":"en-US","potentialAction":[{"@type":"ReadAction","target":["https:\/\/baamtu.com\/confidentialite\/"]}]},{"@type":"BreadcrumbList","@id":"https:\/\/baamtu.com\/confidentialite\/#breadcrumb","itemListElement":[{"@type":"ListItem","position":1,"name":"Accueil","item":"https:\/\/baamtu.com\/"},{"@type":"ListItem","position":2,"name":"Confidentialit\u00e9"}]},{"@type":"WebSite","@id":"https:\/\/baamtu.com\/#website","url":"https:\/\/baamtu.com\/","name":"Baamtu","description":"En route vers la maturit\u00e9 num\u00e9rique","publisher":{"@id":"https:\/\/baamtu.com\/#organization"},"potentialAction":[{"@type":"SearchAction","target":{"@type":"EntryPoint","urlTemplate":"https:\/\/baamtu.com\/?s={search_term_string}"},"query-input":{"@type":"PropertyValueSpecification","valueRequired":true,"valueName":"search_term_string"}}],"inLanguage":"en-US"},{"@type":"Organization","@id":"https:\/\/baamtu.com\/#organization","name":"Baamtu","url":"https:\/\/baamtu.com\/","logo":{"@type":"ImageObject","inLanguage":"en-US","@id":"https:\/\/baamtu.com\/#\/schema\/logo\/image\/","url":"https:\/\/baamtu.com\/wp-content\/uploads\/2024\/04\/cropped-logo_baamtu.png","contentUrl":"https:\/\/baamtu.com\/wp-content\/uploads\/2024\/04\/cropped-logo_baamtu.png","width":674,"height":158,"caption":"Baamtu"},"image":{"@id":"https:\/\/baamtu.com\/#\/schema\/logo\/image\/"},"sameAs":["https:\/\/www.facebook.com\/baamtu","https:\/\/x.com\/baamtusarl","https:\/\/www.linkedin.com\/company\/baamtu"]}]}},"_links":{"self":[{"href":"https:\/\/baamtu.com\/en\/wp-json\/wp\/v2\/pages\/173","targetHints":{"allow":["GET"]}}],"collection":[{"href":"https:\/\/baamtu.com\/en\/wp-json\/wp\/v2\/pages"}],"about":[{"href":"https:\/\/baamtu.com\/en\/wp-json\/wp\/v2\/types\/page"}],"author":[{"embeddable":true,"href":"https:\/\/baamtu.com\/en\/wp-json\/wp\/v2\/users\/1"}],"replies":[{"embeddable":true,"href":"https:\/\/baamtu.com\/en\/wp-json\/wp\/v2\/comments?post=173"}],"version-history":[{"count":11,"href":"https:\/\/baamtu.com\/en\/wp-json\/wp\/v2\/pages\/173\/revisions"}],"predecessor-version":[{"id":786,"href":"https:\/\/baamtu.com\/en\/wp-json\/wp\/v2\/pages\/173\/revisions\/786"}],"wp:attachment":[{"href":"https:\/\/baamtu.com\/en\/wp-json\/wp\/v2\/media?parent=173"}],"curies":[{"name":"wp","href":"https:\/\/api.w.org\/{rel}","templated":true}]}}