{"id":177,"date":"2024-05-07T11:34:36","date_gmt":"2024-05-07T11:34:36","guid":{"rendered":"http:\/\/baamtu.com?page_id=177"},"modified":"2024-08-13T12:24:11","modified_gmt":"2024-08-13T12:24:11","slug":"opportunites-de-carriere","status":"publish","type":"page","link":"https:\/\/baamtu.com\/en\/opportunites-de-carriere\/","title":{"rendered":"Career opportunities"},"content":{"rendered":"<div data-elementor-type=\"wp-page\" data-elementor-id=\"177\" class=\"elementor elementor-177\">\n\t\t\t\t<div class=\"elementor-element elementor-element-861a13 e-flex e-con-boxed e-con e-parent\" data-id=\"861a13\" data-element_type=\"container\" data-settings=\"{&quot;background_background&quot;:&quot;classic&quot;}\">\n\t\t\t\t\t<div class=\"e-con-inner\">\n\t\t<div class=\"elementor-element elementor-element-7c161908 e-con-full e-flex e-con e-child\" data-id=\"7c161908\" data-element_type=\"container\">\n\t\t\t\t<div class=\"elementor-element elementor-element-218f3e75 elementor-widget elementor-widget-heading\" data-id=\"218f3e75\" data-element_type=\"widget\" data-widget_type=\"heading.default\">\n\t\t\t\t<div class=\"elementor-widget-container\">\n\t\t\t\t\t<h2 class=\"elementor-heading-title elementor-size-default\">Recruitment<\/h2>\t\t\t\t<\/div>\n\t\t\t\t<\/div>\n\t\t\t\t<div class=\"elementor-element elementor-element-38eb11cc elementor-widget elementor-widget-heading\" data-id=\"38eb11cc\" data-element_type=\"widget\" data-widget_type=\"heading.default\">\n\t\t\t\t<div class=\"elementor-widget-container\">\n\t\t\t\t\t<p class=\"elementor-heading-title elementor-size-default\">Postulez en envoyant votre CV \u00e0 job@baamtu.com<\/p>\t\t\t\t<\/div>\n\t\t\t\t<\/div>\n\t\t\t\t<\/div>\n\t\t\t\t\t<\/div>\n\t\t\t\t<\/div>\n\t\t\t\t<\/div>","protected":false},"excerpt":{"rendered":"<p>Recrutement Postulez en envoyant votre CV \u00e0 job@baamtu.com<\/p>","protected":false},"author":1,"featured_media":0,"parent":0,"menu_order":0,"comment_status":"closed","ping_status":"closed","template":"","meta":{"_monsterinsights_skip_tracking":false,"_monsterinsights_sitenote_active":false,"_monsterinsights_sitenote_note":"","_monsterinsights_sitenote_category":0,"site-sidebar-layout":"no-sidebar","site-content-layout":"","ast-site-content-layout":"full-width-container","site-content-style":"default","site-sidebar-style":"default","ast-global-header-display":"","ast-banner-title-visibility":"","ast-main-header-display":"","ast-hfb-above-header-display":"","ast-hfb-below-header-display":"","ast-hfb-mobile-header-display":"","site-post-title":"disabled","ast-breadcrumbs-content":"","ast-featured-img":"disabled","footer-sml-layout":"","theme-transparent-header-meta":"","adv-header-id-meta":"","stick-header-meta":"","header-above-stick-meta":"","header-main-stick-meta":"","header-below-stick-meta":"","astra-migrate-meta-layouts":"default","ast-page-background-enabled":"default","ast-page-background-meta":{"desktop":{"background-color":"var(--ast-global-color-4)","background-image":"","background-repeat":"repeat","background-position":"center center","background-size":"auto","background-attachment":"scroll","background-type":"","background-media":"","overlay-type":"","overlay-color":"","overlay-opacity":"","overlay-gradient":""},"tablet":{"background-color":"","background-image":"","background-repeat":"repeat","background-position":"center center","background-size":"auto","background-attachment":"scroll","background-type":"","background-media":"","overlay-type":"","overlay-color":"","overlay-opacity":"","overlay-gradient":""},"mobile":{"background-color":"","background-image":"","background-repeat":"repeat","background-position":"center center","background-size":"auto","background-attachment":"scroll","background-type":"","background-media":"","overlay-type":"","overlay-color":"","overlay-opacity":"","overlay-gradient":""}},"ast-content-background-meta":{"desktop":{"background-color":"var(--ast-global-color-5)","background-image":"","background-repeat":"repeat","background-position":"center center","background-size":"auto","background-attachment":"scroll","background-type":"","background-media":"","overlay-type":"","overlay-color":"","overlay-opacity":"","overlay-gradient":""},"tablet":{"background-color":"var(--ast-global-color-5)","background-image":"","background-repeat":"repeat","background-position":"center center","background-size":"auto","background-attachment":"scroll","background-type":"","background-media":"","overlay-type":"","overlay-color":"","overlay-opacity":"","overlay-gradient":""},"mobile":{"background-color":"var(--ast-global-color-5)","background-image":"","background-repeat":"repeat","background-position":"center center","background-size":"auto","background-attachment":"scroll","background-type":"","background-media":"","overlay-type":"","overlay-color":"","overlay-opacity":"","overlay-gradient":""}},"footnotes":""},"class_list":["post-177","page","type-page","status-publish","hentry"],"yoast_head":"<!-- This site is optimized with the Yoast SEO plugin v24.4 - https:\/\/yoast.com\/wordpress\/plugins\/seo\/ -->\n<title>Opportunit\u00e9s de carri\u00e8re - Baamtu<\/title>\n<meta name=\"robots\" content=\"index, follow, max-snippet:-1, max-image-preview:large, max-video-preview:-1\" \/>\n<link rel=\"canonical\" href=\"https:\/\/baamtu.com\/en\/opportunites-de-carriere\/\" \/>\n<meta property=\"og:locale\" content=\"en_US\" \/>\n<meta property=\"og:type\" content=\"article\" \/>\n<meta property=\"og:title\" content=\"Opportunit\u00e9s de carri\u00e8re - Baamtu\" \/>\n<meta property=\"og:description\" content=\"Recrutement Postulez en envoyant votre CV \u00e0 job@baamtu.com\" \/>\n<meta property=\"og:url\" content=\"https:\/\/baamtu.com\/en\/opportunites-de-carriere\/\" \/>\n<meta property=\"og:site_name\" content=\"Baamtu\" \/>\n<meta property=\"article:publisher\" content=\"https:\/\/www.facebook.com\/baamtu\" \/>\n<meta property=\"article:modified_time\" content=\"2024-08-13T12:24:11+00:00\" \/>\n<meta name=\"twitter:card\" content=\"summary_large_image\" \/>\n<meta name=\"twitter:site\" content=\"@baamtusarl\" \/>\n<script type=\"application\/ld+json\" class=\"yoast-schema-graph\">{\"@context\":\"https:\/\/schema.org\",\"@graph\":[{\"@type\":\"WebPage\",\"@id\":\"https:\/\/baamtu.com\/opportunites-de-carriere\/\",\"url\":\"https:\/\/baamtu.com\/opportunites-de-carriere\/\",\"name\":\"Opportunit\u00e9s de carri\u00e8re - Baamtu\",\"isPartOf\":{\"@id\":\"https:\/\/baamtu.com\/#website\"},\"datePublished\":\"2024-05-07T11:34:36+00:00\",\"dateModified\":\"2024-08-13T12:24:11+00:00\",\"breadcrumb\":{\"@id\":\"https:\/\/baamtu.com\/opportunites-de-carriere\/#breadcrumb\"},\"inLanguage\":\"en-US\",\"potentialAction\":[{\"@type\":\"ReadAction\",\"target\":[\"https:\/\/baamtu.com\/opportunites-de-carriere\/\"]}]},{\"@type\":\"BreadcrumbList\",\"@id\":\"https:\/\/baamtu.com\/opportunites-de-carriere\/#breadcrumb\",\"itemListElement\":[{\"@type\":\"ListItem\",\"position\":1,\"name\":\"Accueil\",\"item\":\"https:\/\/baamtu.com\/\"},{\"@type\":\"ListItem\",\"position\":2,\"name\":\"Opportunit\u00e9s de carri\u00e8re\"}]},{\"@type\":\"WebSite\",\"@id\":\"https:\/\/baamtu.com\/#website\",\"url\":\"https:\/\/baamtu.com\/\",\"name\":\"Baamtu\",\"description\":\"En route vers la maturit\u00e9 num\u00e9rique\",\"publisher\":{\"@id\":\"https:\/\/baamtu.com\/#organization\"},\"potentialAction\":[{\"@type\":\"SearchAction\",\"target\":{\"@type\":\"EntryPoint\",\"urlTemplate\":\"https:\/\/baamtu.com\/?s={search_term_string}\"},\"query-input\":{\"@type\":\"PropertyValueSpecification\",\"valueRequired\":true,\"valueName\":\"search_term_string\"}}],\"inLanguage\":\"en-US\"},{\"@type\":\"Organization\",\"@id\":\"https:\/\/baamtu.com\/#organization\",\"name\":\"Baamtu\",\"url\":\"https:\/\/baamtu.com\/\",\"logo\":{\"@type\":\"ImageObject\",\"inLanguage\":\"en-US\",\"@id\":\"https:\/\/baamtu.com\/#\/schema\/logo\/image\/\",\"url\":\"https:\/\/baamtu.com\/wp-content\/uploads\/2024\/04\/cropped-logo_baamtu.png\",\"contentUrl\":\"https:\/\/baamtu.com\/wp-content\/uploads\/2024\/04\/cropped-logo_baamtu.png\",\"width\":674,\"height\":158,\"caption\":\"Baamtu\"},\"image\":{\"@id\":\"https:\/\/baamtu.com\/#\/schema\/logo\/image\/\"},\"sameAs\":[\"https:\/\/www.facebook.com\/baamtu\",\"https:\/\/x.com\/baamtusarl\",\"https:\/\/www.linkedin.com\/company\/baamtu\"]}]}<\/script>\n<!-- \/ Yoast SEO plugin. -->","yoast_head_json":{"title":"Opportunit\u00e9s de carri\u00e8re - Baamtu","robots":{"index":"index","follow":"follow","max-snippet":"max-snippet:-1","max-image-preview":"max-image-preview:large","max-video-preview":"max-video-preview:-1"},"canonical":"https:\/\/baamtu.com\/en\/opportunites-de-carriere\/","og_locale":"en_US","og_type":"article","og_title":"Opportunit\u00e9s de carri\u00e8re - Baamtu","og_description":"Recrutement Postulez en envoyant votre CV \u00e0 job@baamtu.com","og_url":"https:\/\/baamtu.com\/en\/opportunites-de-carriere\/","og_site_name":"Baamtu","article_publisher":"https:\/\/www.facebook.com\/baamtu","article_modified_time":"2024-08-13T12:24:11+00:00","twitter_card":"summary_large_image","twitter_site":"@baamtusarl","schema":{"@context":"https:\/\/schema.org","@graph":[{"@type":"WebPage","@id":"https:\/\/baamtu.com\/opportunites-de-carriere\/","url":"https:\/\/baamtu.com\/opportunites-de-carriere\/","name":"Opportunit\u00e9s de carri\u00e8re - Baamtu","isPartOf":{"@id":"https:\/\/baamtu.com\/#website"},"datePublished":"2024-05-07T11:34:36+00:00","dateModified":"2024-08-13T12:24:11+00:00","breadcrumb":{"@id":"https:\/\/baamtu.com\/opportunites-de-carriere\/#breadcrumb"},"inLanguage":"en-US","potentialAction":[{"@type":"ReadAction","target":["https:\/\/baamtu.com\/opportunites-de-carriere\/"]}]},{"@type":"BreadcrumbList","@id":"https:\/\/baamtu.com\/opportunites-de-carriere\/#breadcrumb","itemListElement":[{"@type":"ListItem","position":1,"name":"Accueil","item":"https:\/\/baamtu.com\/"},{"@type":"ListItem","position":2,"name":"Opportunit\u00e9s de carri\u00e8re"}]},{"@type":"WebSite","@id":"https:\/\/baamtu.com\/#website","url":"https:\/\/baamtu.com\/","name":"Baamtu","description":"En route vers la maturit\u00e9 num\u00e9rique","publisher":{"@id":"https:\/\/baamtu.com\/#organization"},"potentialAction":[{"@type":"SearchAction","target":{"@type":"EntryPoint","urlTemplate":"https:\/\/baamtu.com\/?s={search_term_string}"},"query-input":{"@type":"PropertyValueSpecification","valueRequired":true,"valueName":"search_term_string"}}],"inLanguage":"en-US"},{"@type":"Organization","@id":"https:\/\/baamtu.com\/#organization","name":"Baamtu","url":"https:\/\/baamtu.com\/","logo":{"@type":"ImageObject","inLanguage":"en-US","@id":"https:\/\/baamtu.com\/#\/schema\/logo\/image\/","url":"https:\/\/baamtu.com\/wp-content\/uploads\/2024\/04\/cropped-logo_baamtu.png","contentUrl":"https:\/\/baamtu.com\/wp-content\/uploads\/2024\/04\/cropped-logo_baamtu.png","width":674,"height":158,"caption":"Baamtu"},"image":{"@id":"https:\/\/baamtu.com\/#\/schema\/logo\/image\/"},"sameAs":["https:\/\/www.facebook.com\/baamtu","https:\/\/x.com\/baamtusarl","https:\/\/www.linkedin.com\/company\/baamtu"]}]}},"_links":{"self":[{"href":"https:\/\/baamtu.com\/en\/wp-json\/wp\/v2\/pages\/177","targetHints":{"allow":["GET"]}}],"collection":[{"href":"https:\/\/baamtu.com\/en\/wp-json\/wp\/v2\/pages"}],"about":[{"href":"https:\/\/baamtu.com\/en\/wp-json\/wp\/v2\/types\/page"}],"author":[{"embeddable":true,"href":"https:\/\/baamtu.com\/en\/wp-json\/wp\/v2\/users\/1"}],"replies":[{"embeddable":true,"href":"https:\/\/baamtu.com\/en\/wp-json\/wp\/v2\/comments?post=177"}],"version-history":[{"count":4,"href":"https:\/\/baamtu.com\/en\/wp-json\/wp\/v2\/pages\/177\/revisions"}],"predecessor-version":[{"id":644,"href":"https:\/\/baamtu.com\/en\/wp-json\/wp\/v2\/pages\/177\/revisions\/644"}],"wp:attachment":[{"href":"https:\/\/baamtu.com\/en\/wp-json\/wp\/v2\/media?parent=177"}],"curies":[{"name":"wp","href":"https:\/\/api.w.org\/{rel}","templated":true}]}}