{"id":42,"date":"2024-04-30T08:15:39","date_gmt":"2024-04-30T08:15:39","guid":{"rendered":"http:\/\/baamtu.com?page_id=42"},"modified":"2024-09-05T09:47:04","modified_gmt":"2024-09-05T09:47:04","slug":"a-propos","status":"publish","type":"page","link":"https:\/\/baamtu.com\/en\/a-propos\/","title":{"rendered":"\u00c0 propos"},"content":{"rendered":"<div data-elementor-type=\"wp-page\" data-elementor-id=\"42\" class=\"elementor elementor-42\">\n\t\t\t\t<div class=\"elementor-element elementor-element-5ccb1376 e-flex e-con-boxed e-con e-parent\" data-id=\"5ccb1376\" data-element_type=\"container\" data-settings=\"{&quot;background_background&quot;:&quot;gradient&quot;}\">\n\t\t\t\t\t<div class=\"e-con-inner\">\n\t\t<div class=\"elementor-element elementor-element-2e165f2d e-con-full e-flex e-con e-child\" data-id=\"2e165f2d\" data-element_type=\"container\">\n\t\t\t\t<div class=\"elementor-element elementor-element-12d1a3a4 elementor-widget elementor-widget-heading\" data-id=\"12d1a3a4\" data-element_type=\"widget\" data-widget_type=\"heading.default\">\n\t\t\t\t<div class=\"elementor-widget-container\">\n\t\t\t\t\t<h2 class=\"elementor-heading-title elementor-size-default\">Notre histoire<\/h2>\t\t\t\t<\/div>\n\t\t\t\t<\/div>\n\t\t\t\t<div class=\"elementor-element elementor-element-69be29b0 elementor-widget elementor-widget-heading\" data-id=\"69be29b0\" data-element_type=\"widget\" data-widget_type=\"heading.default\">\n\t\t\t\t<div class=\"elementor-widget-container\">\n\t\t\t\t\t<h3 class=\"elementor-heading-title elementor-size-default\">D\u00e9couvrez notre parcours ainsi que l'impact que nous aspirons \u00e0 avoir dans notre communaut\u00e9 et au-del\u00e0. <\/h3>\t\t\t\t<\/div>\n\t\t\t\t<\/div>\n\t\t\t\t<\/div>\n\t\t<div class=\"elementor-element elementor-element-57332798 e-con-full e-flex e-con e-child\" data-id=\"57332798\" data-element_type=\"container\">\n\t\t\t\t<div class=\"elementor-element elementor-element-2de210e1 elementor-widget elementor-widget-video\" data-id=\"2de210e1\" data-element_type=\"widget\" data-settings=\"{&quot;youtube_url&quot;:&quot;https:\\\/\\\/youtu.be\\\/jHKZsUz9OjI?feature=shared&quot;,&quot;start&quot;:3,&quot;video_type&quot;:&quot;youtube&quot;,&quot;controls&quot;:&quot;yes&quot;}\" data-widget_type=\"video.default\">\n\t\t\t\t<div class=\"elementor-widget-container\">\n\t\t\t\t\t\t\t<div class=\"elementor-wrapper elementor-open-inline\">\n\t\t\t<div class=\"elementor-video\"><\/div>\t\t<\/div>\n\t\t\t\t\t\t<\/div>\n\t\t\t\t<\/div>\n\t\t\t\t<\/div>\n\t\t\t\t\t<\/div>\n\t\t\t\t<\/div>\n\t\t<div class=\"elementor-element elementor-element-3a6b168 e-flex e-con-boxed e-con e-parent\" data-id=\"3a6b168\" data-element_type=\"container\">\n\t\t\t\t\t<div class=\"e-con-inner\">\n\t\t\t\t<div class=\"elementor-element elementor-element-23bb0f2 elementor-tabs-alignment-stretch elementor-tabs-view-horizontal elementor-widget elementor-widget-tabs\" data-id=\"23bb0f2\" data-element_type=\"widget\" data-widget_type=\"tabs.default\">\n\t\t\t\t<div class=\"elementor-widget-container\">\n\t\t\t\t\t\t\t<div class=\"elementor-tabs\">\n\t\t\t<div class=\"elementor-tabs-wrapper\" role=\"tablist\" >\n\t\t\t\t\t\t\t\t\t<div id=\"elementor-tab-title-3741\" class=\"elementor-tab-title elementor-tab-desktop-title\" aria-selected=\"true\" data-tab=\"1\" role=\"tab\" tabindex=\"0\" aria-controls=\"elementor-tab-content-3741\" aria-expanded=\"false\">Mission<\/div>\n\t\t\t\t\t\t\t\t\t<div id=\"elementor-tab-title-3742\" class=\"elementor-tab-title elementor-tab-desktop-title\" aria-selected=\"false\" data-tab=\"2\" role=\"tab\" tabindex=\"-1\" aria-controls=\"elementor-tab-content-3742\" aria-expanded=\"false\">Vision<\/div>\n\t\t\t\t\t\t\t\t\t<div id=\"elementor-tab-title-3743\" class=\"elementor-tab-title elementor-tab-desktop-title\" aria-selected=\"false\" data-tab=\"3\" role=\"tab\" tabindex=\"-1\" aria-controls=\"elementor-tab-content-3743\" aria-expanded=\"false\">Valeurs<\/div>\n\t\t\t\t\t\t\t<\/div>\n\t\t\t<div class=\"elementor-tabs-content-wrapper\" role=\"tablist\" aria-orientation=\"vertical\">\n\t\t\t\t\t\t\t\t\t<div class=\"elementor-tab-title elementor-tab-mobile-title\" aria-selected=\"true\" data-tab=\"1\" role=\"tab\" tabindex=\"0\" aria-controls=\"elementor-tab-content-3741\" aria-expanded=\"false\">Mission<\/div>\n\t\t\t\t\t<div id=\"elementor-tab-content-3741\" class=\"elementor-tab-content elementor-clearfix\" data-tab=\"1\" role=\"tabpanel\" aria-labelledby=\"elementor-tab-title-3741\" tabindex=\"0\" hidden=\"false\"><p>Transformer la vie des personnes gr\u00e2ce \u00e0 nos solutions technologiques innovantes et accessibles.<\/p><\/div>\n\t\t\t\t\t\t\t\t\t<div class=\"elementor-tab-title elementor-tab-mobile-title\" aria-selected=\"false\" data-tab=\"2\" role=\"tab\" tabindex=\"-1\" aria-controls=\"elementor-tab-content-3742\" aria-expanded=\"false\">Vision<\/div>\n\t\t\t\t\t<div id=\"elementor-tab-content-3742\" class=\"elementor-tab-content elementor-clearfix\" data-tab=\"2\" role=\"tabpanel\" aria-labelledby=\"elementor-tab-title-3742\" tabindex=\"0\" hidden=\"hidden\"><p>Devenir un leader mondial en innovation technologique.<\/p><\/div>\n\t\t\t\t\t\t\t\t\t<div class=\"elementor-tab-title elementor-tab-mobile-title\" aria-selected=\"false\" data-tab=\"3\" role=\"tab\" tabindex=\"-1\" aria-controls=\"elementor-tab-content-3743\" aria-expanded=\"false\">Valeurs<\/div>\n\t\t\t\t\t<div id=\"elementor-tab-content-3743\" class=\"elementor-tab-content elementor-clearfix\" data-tab=\"3\" role=\"tabpanel\" aria-labelledby=\"elementor-tab-title-3743\" tabindex=\"0\" hidden=\"hidden\"><p>Excellence<\/p><p>Leadership<\/p><p>Impact<\/p><p>Passion<\/p><p>Simplicit\u00e9<\/p><p>Ethique<\/p><\/div>\n\t\t\t\t\t\t\t<\/div>\n\t\t<\/div>\n\t\t\t\t\t\t<\/div>\n\t\t\t\t<\/div>\n\t\t\t\t\t<\/div>\n\t\t\t\t<\/div>\n\t\t\t\t<\/div>","protected":false},"excerpt":{"rendered":"<p>Notre histoire D\u00e9couvrez notre parcours ainsi que l&rsquo;impact que nous aspirons \u00e0 avoir dans notre communaut\u00e9 et au-del\u00e0. Mission Vision [&hellip;]<\/p>","protected":false},"author":1,"featured_media":0,"parent":0,"menu_order":0,"comment_status":"closed","ping_status":"closed","template":"","meta":{"_monsterinsights_skip_tracking":false,"_monsterinsights_sitenote_active":false,"_monsterinsights_sitenote_note":"","_monsterinsights_sitenote_category":0,"site-sidebar-layout":"no-sidebar","site-content-layout":"","ast-site-content-layout":"full-width-container","site-content-style":"default","site-sidebar-style":"default","ast-global-header-display":"","ast-banner-title-visibility":"","ast-main-header-display":"","ast-hfb-above-header-display":"","ast-hfb-below-header-display":"","ast-hfb-mobile-header-display":"","site-post-title":"disabled","ast-breadcrumbs-content":"","ast-featured-img":"disabled","footer-sml-layout":"","theme-transparent-header-meta":"","adv-header-id-meta":"","stick-header-meta":"","header-above-stick-meta":"","header-main-stick-meta":"","header-below-stick-meta":"","astra-migrate-meta-layouts":"default","ast-page-background-enabled":"default","ast-page-background-meta":{"desktop":{"background-color":"var(--ast-global-color-4)","background-image":"","background-repeat":"repeat","background-position":"center center","background-size":"auto","background-attachment":"scroll","background-type":"","background-media":"","overlay-type":"","overlay-color":"","overlay-opacity":"","overlay-gradient":""},"tablet":{"background-color":"","background-image":"","background-repeat":"repeat","background-position":"center center","background-size":"auto","background-attachment":"scroll","background-type":"","background-media":"","overlay-type":"","overlay-color":"","overlay-opacity":"","overlay-gradient":""},"mobile":{"background-color":"","background-image":"","background-repeat":"repeat","background-position":"center center","background-size":"auto","background-attachment":"scroll","background-type":"","background-media":"","overlay-type":"","overlay-color":"","overlay-opacity":"","overlay-gradient":""}},"ast-content-background-meta":{"desktop":{"background-color":"var(--ast-global-color-5)","background-image":"","background-repeat":"repeat","background-position":"center center","background-size":"auto","background-attachment":"scroll","background-type":"","background-media":"","overlay-type":"","overlay-color":"","overlay-opacity":"","overlay-gradient":""},"tablet":{"background-color":"var(--ast-global-color-5)","background-image":"","background-repeat":"repeat","background-position":"center center","background-size":"auto","background-attachment":"scroll","background-type":"","background-media":"","overlay-type":"","overlay-color":"","overlay-opacity":"","overlay-gradient":""},"mobile":{"background-color":"var(--ast-global-color-5)","background-image":"","background-repeat":"repeat","background-position":"center center","background-size":"auto","background-attachment":"scroll","background-type":"","background-media":"","overlay-type":"","overlay-color":"","overlay-opacity":"","overlay-gradient":""}},"footnotes":""},"class_list":["post-42","page","type-page","status-publish","hentry"],"yoast_head":"<!-- This site is optimized with the Yoast SEO plugin v24.4 - https:\/\/yoast.com\/wordpress\/plugins\/seo\/ -->\n<title>\u00c0 propos - Baamtu<\/title>\n<meta name=\"robots\" content=\"index, follow, max-snippet:-1, max-image-preview:large, max-video-preview:-1\" \/>\n<link rel=\"canonical\" href=\"https:\/\/baamtu.com\/en\/a-propos\/\" \/>\n<meta property=\"og:locale\" content=\"en_US\" \/>\n<meta property=\"og:type\" content=\"article\" \/>\n<meta property=\"og:title\" content=\"\u00c0 propos - Baamtu\" \/>\n<meta property=\"og:description\" content=\"Notre histoire D\u00e9couvrez notre parcours ainsi que l&rsquo;impact que nous aspirons \u00e0 avoir dans notre communaut\u00e9 et au-del\u00e0. Mission Vision [&hellip;]\" \/>\n<meta property=\"og:url\" content=\"https:\/\/baamtu.com\/en\/a-propos\/\" \/>\n<meta property=\"og:site_name\" content=\"Baamtu\" \/>\n<meta property=\"article:publisher\" content=\"https:\/\/www.facebook.com\/baamtu\" \/>\n<meta property=\"article:modified_time\" content=\"2024-09-05T09:47:04+00:00\" \/>\n<meta name=\"twitter:card\" content=\"summary_large_image\" \/>\n<meta name=\"twitter:site\" content=\"@baamtusarl\" \/>\n<script type=\"application\/ld+json\" class=\"yoast-schema-graph\">{\"@context\":\"https:\/\/schema.org\",\"@graph\":[{\"@type\":\"WebPage\",\"@id\":\"https:\/\/baamtu.com\/a-propos\/\",\"url\":\"https:\/\/baamtu.com\/a-propos\/\",\"name\":\"\u00c0 propos - Baamtu\",\"isPartOf\":{\"@id\":\"https:\/\/baamtu.com\/#website\"},\"datePublished\":\"2024-04-30T08:15:39+00:00\",\"dateModified\":\"2024-09-05T09:47:04+00:00\",\"breadcrumb\":{\"@id\":\"https:\/\/baamtu.com\/a-propos\/#breadcrumb\"},\"inLanguage\":\"en-US\",\"potentialAction\":[{\"@type\":\"ReadAction\",\"target\":[\"https:\/\/baamtu.com\/a-propos\/\"]}]},{\"@type\":\"BreadcrumbList\",\"@id\":\"https:\/\/baamtu.com\/a-propos\/#breadcrumb\",\"itemListElement\":[{\"@type\":\"ListItem\",\"position\":1,\"name\":\"Accueil\",\"item\":\"https:\/\/baamtu.com\/\"},{\"@type\":\"ListItem\",\"position\":2,\"name\":\"\u00c0 propos\"}]},{\"@type\":\"WebSite\",\"@id\":\"https:\/\/baamtu.com\/#website\",\"url\":\"https:\/\/baamtu.com\/\",\"name\":\"Baamtu\",\"description\":\"En route vers la maturit\u00e9 num\u00e9rique\",\"publisher\":{\"@id\":\"https:\/\/baamtu.com\/#organization\"},\"potentialAction\":[{\"@type\":\"SearchAction\",\"target\":{\"@type\":\"EntryPoint\",\"urlTemplate\":\"https:\/\/baamtu.com\/?s={search_term_string}\"},\"query-input\":{\"@type\":\"PropertyValueSpecification\",\"valueRequired\":true,\"valueName\":\"search_term_string\"}}],\"inLanguage\":\"en-US\"},{\"@type\":\"Organization\",\"@id\":\"https:\/\/baamtu.com\/#organization\",\"name\":\"Baamtu\",\"url\":\"https:\/\/baamtu.com\/\",\"logo\":{\"@type\":\"ImageObject\",\"inLanguage\":\"en-US\",\"@id\":\"https:\/\/baamtu.com\/#\/schema\/logo\/image\/\",\"url\":\"https:\/\/baamtu.com\/wp-content\/uploads\/2024\/04\/cropped-logo_baamtu.png\",\"contentUrl\":\"https:\/\/baamtu.com\/wp-content\/uploads\/2024\/04\/cropped-logo_baamtu.png\",\"width\":674,\"height\":158,\"caption\":\"Baamtu\"},\"image\":{\"@id\":\"https:\/\/baamtu.com\/#\/schema\/logo\/image\/\"},\"sameAs\":[\"https:\/\/www.facebook.com\/baamtu\",\"https:\/\/x.com\/baamtusarl\",\"https:\/\/www.linkedin.com\/company\/baamtu\"]}]}<\/script>\n<!-- \/ Yoast SEO plugin. -->","yoast_head_json":{"title":"\u00c0 propos - Baamtu","robots":{"index":"index","follow":"follow","max-snippet":"max-snippet:-1","max-image-preview":"max-image-preview:large","max-video-preview":"max-video-preview:-1"},"canonical":"https:\/\/baamtu.com\/en\/a-propos\/","og_locale":"en_US","og_type":"article","og_title":"\u00c0 propos - Baamtu","og_description":"Notre histoire D\u00e9couvrez notre parcours ainsi que l&rsquo;impact que nous aspirons \u00e0 avoir dans notre communaut\u00e9 et au-del\u00e0. Mission Vision [&hellip;]","og_url":"https:\/\/baamtu.com\/en\/a-propos\/","og_site_name":"Baamtu","article_publisher":"https:\/\/www.facebook.com\/baamtu","article_modified_time":"2024-09-05T09:47:04+00:00","twitter_card":"summary_large_image","twitter_site":"@baamtusarl","schema":{"@context":"https:\/\/schema.org","@graph":[{"@type":"WebPage","@id":"https:\/\/baamtu.com\/a-propos\/","url":"https:\/\/baamtu.com\/a-propos\/","name":"\u00c0 propos - Baamtu","isPartOf":{"@id":"https:\/\/baamtu.com\/#website"},"datePublished":"2024-04-30T08:15:39+00:00","dateModified":"2024-09-05T09:47:04+00:00","breadcrumb":{"@id":"https:\/\/baamtu.com\/a-propos\/#breadcrumb"},"inLanguage":"en-US","potentialAction":[{"@type":"ReadAction","target":["https:\/\/baamtu.com\/a-propos\/"]}]},{"@type":"BreadcrumbList","@id":"https:\/\/baamtu.com\/a-propos\/#breadcrumb","itemListElement":[{"@type":"ListItem","position":1,"name":"Accueil","item":"https:\/\/baamtu.com\/"},{"@type":"ListItem","position":2,"name":"\u00c0 propos"}]},{"@type":"WebSite","@id":"https:\/\/baamtu.com\/#website","url":"https:\/\/baamtu.com\/","name":"Baamtu","description":"En route vers la maturit\u00e9 num\u00e9rique","publisher":{"@id":"https:\/\/baamtu.com\/#organization"},"potentialAction":[{"@type":"SearchAction","target":{"@type":"EntryPoint","urlTemplate":"https:\/\/baamtu.com\/?s={search_term_string}"},"query-input":{"@type":"PropertyValueSpecification","valueRequired":true,"valueName":"search_term_string"}}],"inLanguage":"en-US"},{"@type":"Organization","@id":"https:\/\/baamtu.com\/#organization","name":"Baamtu","url":"https:\/\/baamtu.com\/","logo":{"@type":"ImageObject","inLanguage":"en-US","@id":"https:\/\/baamtu.com\/#\/schema\/logo\/image\/","url":"https:\/\/baamtu.com\/wp-content\/uploads\/2024\/04\/cropped-logo_baamtu.png","contentUrl":"https:\/\/baamtu.com\/wp-content\/uploads\/2024\/04\/cropped-logo_baamtu.png","width":674,"height":158,"caption":"Baamtu"},"image":{"@id":"https:\/\/baamtu.com\/#\/schema\/logo\/image\/"},"sameAs":["https:\/\/www.facebook.com\/baamtu","https:\/\/x.com\/baamtusarl","https:\/\/www.linkedin.com\/company\/baamtu"]}]}},"_links":{"self":[{"href":"https:\/\/baamtu.com\/en\/wp-json\/wp\/v2\/pages\/42","targetHints":{"allow":["GET"]}}],"collection":[{"href":"https:\/\/baamtu.com\/en\/wp-json\/wp\/v2\/pages"}],"about":[{"href":"https:\/\/baamtu.com\/en\/wp-json\/wp\/v2\/types\/page"}],"author":[{"embeddable":true,"href":"https:\/\/baamtu.com\/en\/wp-json\/wp\/v2\/users\/1"}],"replies":[{"embeddable":true,"href":"https:\/\/baamtu.com\/en\/wp-json\/wp\/v2\/comments?post=42"}],"version-history":[{"count":56,"href":"https:\/\/baamtu.com\/en\/wp-json\/wp\/v2\/pages\/42\/revisions"}],"predecessor-version":[{"id":1020,"href":"https:\/\/baamtu.com\/en\/wp-json\/wp\/v2\/pages\/42\/revisions\/1020"}],"wp:attachment":[{"href":"https:\/\/baamtu.com\/en\/wp-json\/wp\/v2\/media?parent=42"}],"curies":[{"name":"wp","href":"https:\/\/api.w.org\/{rel}","templated":true}]}}